{"id":2,"date":"2023-06-01T20:09:47","date_gmt":"2023-06-01T18:09:47","guid":{"rendered":"https:\/\/bougro.ch\/?page_id=2"},"modified":"2025-02-11T15:47:50","modified_gmt":"2025-02-11T14:47:50","slug":"page-d-exemple","status":"publish","type":"page","link":"https:\/\/bougro.ch\/","title":{"rendered":"Bougro Hockey Academy"},"content":{"rendered":"\n<figure class=\"wp-block-image size-full\"><img loading=\"lazy\" decoding=\"async\" width=\"512\" height=\"436\" src=\"https:\/\/bougro.ch\/wp-content\/uploads\/2023\/06\/Logo-Bougro-Hockey-Academy.jpg\" alt=\"\" class=\"wp-image-25\" srcset=\"https:\/\/bougro.ch\/wp-content\/uploads\/2023\/06\/Logo-Bougro-Hockey-Academy.jpg 512w, https:\/\/bougro.ch\/wp-content\/uploads\/2023\/06\/Logo-Bougro-Hockey-Academy-300x255.jpg 300w\" sizes=\"auto, (max-width: 512px) 100vw, 512px\" \/><\/figure>\n\n\n\n<p>Bienvenue. Je m&#8217;appelle Laurent Bougro et je suis ravi de me pr\u00e9senter \u00e0 vous.<\/p>\n\n\n\n<p>Depuis 5 saisons (2020-2025), j&#8217;offre mes services en tant qu&#8217;entra\u00eeneur professionnel dans les Alpes Vaudoises en Suisse et cela fait d\u00e9j\u00e0 de nombreuses ann\u00e9es que je suis plong\u00e9 dans l&#8217;univers passionnant du hockey sur glace. J&#8217;ai toujours voulu proposer un \u00e9ventail plus large de services, tels que des cours suppl\u00e9mentaires, des camps, des forfaits\u2026 afin de donner \u00e0 chacun la chance d&#8217;\u00e9voluer et de se d\u00e9velopper.<\/p>\n\n\n\n<p>Peu importe que vous soyez un enfant, un adulte, un professionnel ou un d\u00e9butant total, j&#8217;estime qu&#8217;il est crucial de fournir des s\u00e9ances d&#8217;entra\u00eenement adapt\u00e9es \u00e0 tous les niveaux. J&#8217;ai une grande capacit\u00e9 d&#8217;adaptation et je m&#8217;engage \u00e0 r\u00e9pondre \u00e0 vos besoins sp\u00e9cifiques.<\/p>\n\n\n\n<p>Fort d&#8217;un excellent sens relationnel, je suis d\u00e9termin\u00e9 \u00e0 vous aider \u00e0 progresser avec passion. Toujours optimiste, je m&#8217;engage \u00e0 soutenir votre progression et \u00e0 encourager votre r\u00e9ussite.<\/p>\n\n\n\n<p>Je vous invite \u00e0 consulter mon profil dans la page Staff afin d&#8217;en savoir plus sur mon parcours. Vous pourrez \u00e9galement y d\u00e9couvrir la carri\u00e8re de mes enfants.<\/p>\n\n\n\n<p>Je vous adresse mes salutations sportives les plus sinc\u00e8res. Au plaisir de vous retrouver tr\u00e8s bient\u00f4t sur la glace.<\/p>\n\n\n\n<p>Bien \u00e0 vous,<\/p>\n\n\n\n<p class=\"has-text-align-right\">Laurent Bougro<\/p>\n\n\n\n<figure class=\"wp-block-image size-full\"><img loading=\"lazy\" decoding=\"async\" width=\"1024\" height=\"463\" src=\"https:\/\/bougro.ch\/wp-content\/uploads\/2023\/06\/laurent-leysin.jpg\" alt=\"Laurent Bougro\" class=\"wp-image-54\" srcset=\"https:\/\/bougro.ch\/wp-content\/uploads\/2023\/06\/laurent-leysin.jpg 1024w, https:\/\/bougro.ch\/wp-content\/uploads\/2023\/06\/laurent-leysin-300x136.jpg 300w, https:\/\/bougro.ch\/wp-content\/uploads\/2023\/06\/laurent-leysin-768x347.jpg 768w\" sizes=\"auto, (max-width: 1024px) 100vw, 1024px\" \/><figcaption class=\"wp-element-caption\">Laurent Bougro<\/figcaption><\/figure>\n","protected":false},"excerpt":{"rendered":"<p>Bienvenue. Je m&#8217;appelle Laurent Bougro et je suis ravi de me pr\u00e9senter \u00e0 vous. Depuis 5 saisons (2020-2025), j&#8217;offre mes services en tant qu&#8217;entra\u00eeneur professionnel dans les Alpes Vaudoises en Suisse et cela fait d\u00e9j\u00e0 de nombreuses ann\u00e9es que je suis plong\u00e9 dans l&#8217;univers passionnant du hockey sur glace. J&#8217;ai toujours voulu proposer un \u00e9ventail [&hellip;]<\/p>\n","protected":false},"author":1,"featured_media":0,"parent":0,"menu_order":0,"comment_status":"closed","ping_status":"open","template":"","meta":{"footnotes":""},"class_list":["post-2","page","type-page","status-publish","hentry"],"_links":{"self":[{"href":"https:\/\/bougro.ch\/index.php\/wp-json\/wp\/v2\/pages\/2","targetHints":{"allow":["GET"]}}],"collection":[{"href":"https:\/\/bougro.ch\/index.php\/wp-json\/wp\/v2\/pages"}],"about":[{"href":"https:\/\/bougro.ch\/index.php\/wp-json\/wp\/v2\/types\/page"}],"author":[{"embeddable":true,"href":"https:\/\/bougro.ch\/index.php\/wp-json\/wp\/v2\/users\/1"}],"replies":[{"embeddable":true,"href":"https:\/\/bougro.ch\/index.php\/wp-json\/wp\/v2\/comments?post=2"}],"version-history":[{"count":8,"href":"https:\/\/bougro.ch\/index.php\/wp-json\/wp\/v2\/pages\/2\/revisions"}],"predecessor-version":[{"id":223,"href":"https:\/\/bougro.ch\/index.php\/wp-json\/wp\/v2\/pages\/2\/revisions\/223"}],"wp:attachment":[{"href":"https:\/\/bougro.ch\/index.php\/wp-json\/wp\/v2\/media?parent=2"}],"curies":[{"name":"wp","href":"https:\/\/api.w.org\/{rel}","templated":true}]}}