{"id":21,"date":"2023-06-01T21:42:30","date_gmt":"2023-06-01T19:42:30","guid":{"rendered":"https:\/\/bougro.ch\/?page_id=21"},"modified":"2025-02-11T16:10:49","modified_gmt":"2025-02-11T15:10:49","slug":"staff","status":"publish","type":"page","link":"https:\/\/bougro.ch\/index.php\/staff\/","title":{"rendered":"Staff"},"content":{"rendered":"\n<div class=\"wp-block-media-text alignwide is-stacked-on-mobile\" style=\"grid-template-columns:27% auto\"><figure class=\"wp-block-media-text__media\"><img loading=\"lazy\" decoding=\"async\" width=\"552\" height=\"1024\" src=\"https:\/\/bougro.ch\/wp-content\/uploads\/2024\/07\/IMG_4011-552x1024.jpeg\" alt=\"\" class=\"wp-image-196 size-full\" srcset=\"https:\/\/bougro.ch\/wp-content\/uploads\/2024\/07\/IMG_4011-552x1024.jpeg 552w, https:\/\/bougro.ch\/wp-content\/uploads\/2024\/07\/IMG_4011-162x300.jpeg 162w, https:\/\/bougro.ch\/wp-content\/uploads\/2024\/07\/IMG_4011-768x1424.jpeg 768w, https:\/\/bougro.ch\/wp-content\/uploads\/2024\/07\/IMG_4011-829x1536.jpeg 829w, https:\/\/bougro.ch\/wp-content\/uploads\/2024\/07\/IMG_4011-1105x2048.jpeg 1105w, https:\/\/bougro.ch\/wp-content\/uploads\/2024\/07\/IMG_4011.jpeg 1170w\" sizes=\"auto, (max-width: 552px) 100vw, 552px\" \/><\/figure><div class=\"wp-block-media-text__content\">\n<h4 class=\"wp-block-heading\"><strong>Laurent Bougro<\/strong><\/h4>\n\n\n\n<p><a rel=\"noreferrer noopener\" href=\"https:\/\/www.eliteprospects.com\/staff\/3836\/laurent-bougro\" target=\"_blank\">Biographie coach<\/a><br><a rel=\"noreferrer noopener\" href=\"https:\/\/www.eliteprospects.com\/player\/101214\/laurent-bougro\" target=\"_blank\">Biographie joueur<\/a><\/p>\n\n\n\n<p>Laurent Bougro ex joueur et entra\u00eeneur professionnel en France est venu continuer sa formation en Suisse, il y a une dizaine d\u2019ann\u00e9es, \u00e0 Lausanne.<\/p>\n\n\n\n<p>Install\u00e9 \u00e0 Villars-sur-Ollon dans les Alpes vaudoises depuis 4 saisons.<\/p>\n\n\n\n<p>La structure Bougro Hockey Academy a \u00e9t\u00e9 une \u00e9vidence afin de proposer des services \u00e0 la hauteur de son engagement pour le hockey sur glace.<\/p>\n\n\n\n<p>Il participe \u00e0 un Championnat d\u2019Europe des moins de 18 ans et un Championnat du monde des moins de 20 ans avec l\u2019\u00e9quipe nationale fran\u00e7aise&nbsp;<\/p>\n\n\n\n<p>30 ans d\u2019exp\u00e9rience de coaching staff au service de diff\u00e9rents clubs avec des fonctions vari\u00e9es.<\/p>\n\n\n\n<p>V\u00e9ritable passionn\u00e9 de hockey sur glace.<\/p>\n\n\n\n<figure class=\"wp-block-image size-large\"><img loading=\"lazy\" decoding=\"async\" width=\"602\" height=\"1024\" src=\"https:\/\/bougro.ch\/wp-content\/uploads\/2025\/02\/IMG_4558-602x1024.jpeg\" alt=\"\" class=\"wp-image-221\" srcset=\"https:\/\/bougro.ch\/wp-content\/uploads\/2025\/02\/IMG_4558-602x1024.jpeg 602w, https:\/\/bougro.ch\/wp-content\/uploads\/2025\/02\/IMG_4558-176x300.jpeg 176w, https:\/\/bougro.ch\/wp-content\/uploads\/2025\/02\/IMG_4558-768x1306.jpeg 768w, https:\/\/bougro.ch\/wp-content\/uploads\/2025\/02\/IMG_4558-903x1536.jpeg 903w, https:\/\/bougro.ch\/wp-content\/uploads\/2025\/02\/IMG_4558.jpeg 1138w\" sizes=\"auto, (max-width: 602px) 100vw, 602px\" \/><\/figure>\n<\/div><\/div>\n\n\n\n<div class=\"wp-block-media-text alignwide is-stacked-on-mobile\" style=\"grid-template-columns:27% auto\"><figure class=\"wp-block-media-text__media\"><img loading=\"lazy\" decoding=\"async\" width=\"1024\" height=\"915\" src=\"https:\/\/bougro.ch\/wp-content\/uploads\/2024\/07\/IMG_3955-1024x915.jpeg\" alt=\"\" class=\"wp-image-166 size-full\" srcset=\"https:\/\/bougro.ch\/wp-content\/uploads\/2024\/07\/IMG_3955-1024x915.jpeg 1024w, https:\/\/bougro.ch\/wp-content\/uploads\/2024\/07\/IMG_3955-300x268.jpeg 300w, https:\/\/bougro.ch\/wp-content\/uploads\/2024\/07\/IMG_3955-768x686.jpeg 768w, https:\/\/bougro.ch\/wp-content\/uploads\/2024\/07\/IMG_3955.jpeg 1170w\" sizes=\"auto, (max-width: 1024px) 100vw, 1024px\" \/><\/figure><div class=\"wp-block-media-text__content\">\n<h4 class=\"wp-block-heading\"><strong>Jordann Bougro<\/strong><\/h4>\n\n\n\n<p><a rel=\"noreferrer noopener\" href=\"https:\/\/www.eliteprospects.com\/player\/153870\/jordann-bougro\" target=\"_blank\">Biographie joueur<\/a><\/p>\n\n\n\n<p>Fran\u00e7ais \u00e0 licence suisse et passeport Suisse de 26 ans, grand fr\u00e8re de Benjamin et Kristolan, il portera le maillot Rouge et Jaune du HC Sierre \u00ab&nbsp;2eme niveau Suisse&nbsp;\u00bb la saison 2023-2024 et deviendra Top scoreur de son \u00e9quipe avec un total de 48 Points en 42 matchs.<\/p>\n\n\n\n<p>Il signe une prolongation de contrat au HC Sierre pour 3 saisons jusqu\u2019en 2026-2027<\/p>\n\n\n\n<p><\/p>\n\n\n\n<p>lors de la saison 2024-2025, Jordann jouera \u00e9galement en National League avec le Lausanne HC<\/p>\n\n\n\n<p>Form\u00e9 au Lausanne HC de U15 \u00e9lite a U20 \u00e9lite il a \u00e9t\u00e9 capitaine des U20-Elite lors de la saison 2017\/2018.<\/p>\n\n\n\n<p>Capitaine-assistant de l\u2019EVZ Academy durant la saison 2019\/2020, il a inscrit 17 points en 22 matchs.<\/p>\n\n\n\n<p>Jordann a jou\u00e9 les 5 derni\u00e8res saisons en National League avec Lausanne, Zug, Fribourg-Gott\u00e9ron et Kloten (166 matchs) <\/p>\n\n\n\n<p>. Il a \u00e9galement jou\u00e9 \u00e0 22 reprises en \u00e9quipe de France.&nbsp;\u00ab&nbsp;Seniors&nbsp;\u00bb<\/p>\n\n\n\n<p>&nbsp;Il a particip\u00e9 \u00e0 un Championnat du monde des moins de 20 ans et deux Championnats du monde des moins de 18 ans avec l\u2019\u00e9quipe nationale fran\u00e7aise.<\/p>\n\n\n\n<figure class=\"wp-block-image size-large\"><img loading=\"lazy\" decoding=\"async\" width=\"721\" height=\"1024\" src=\"https:\/\/bougro.ch\/wp-content\/uploads\/2025\/02\/IMG_1501-721x1024.jpeg\" alt=\"\" class=\"wp-image-213\" srcset=\"https:\/\/bougro.ch\/wp-content\/uploads\/2025\/02\/IMG_1501-721x1024.jpeg 721w, https:\/\/bougro.ch\/wp-content\/uploads\/2025\/02\/IMG_1501-211x300.jpeg 211w, https:\/\/bougro.ch\/wp-content\/uploads\/2025\/02\/IMG_1501-768x1090.jpeg 768w, https:\/\/bougro.ch\/wp-content\/uploads\/2025\/02\/IMG_1501-1082x1536.jpeg 1082w, https:\/\/bougro.ch\/wp-content\/uploads\/2025\/02\/IMG_1501.jpeg 1170w\" sizes=\"auto, (max-width: 721px) 100vw, 721px\" \/><\/figure>\n<\/div><\/div>\n\n\n\n<div class=\"wp-block-media-text alignwide is-stacked-on-mobile\" style=\"grid-template-columns:27% auto\"><figure class=\"wp-block-media-text__media\"><img loading=\"lazy\" decoding=\"async\" width=\"624\" height=\"1024\" src=\"https:\/\/bougro.ch\/wp-content\/uploads\/2024\/07\/IMG_3953-624x1024.jpeg\" alt=\"\" class=\"wp-image-164 size-full\" srcset=\"https:\/\/bougro.ch\/wp-content\/uploads\/2024\/07\/IMG_3953-624x1024.jpeg 624w, https:\/\/bougro.ch\/wp-content\/uploads\/2024\/07\/IMG_3953-183x300.jpeg 183w, https:\/\/bougro.ch\/wp-content\/uploads\/2024\/07\/IMG_3953-768x1261.jpeg 768w, https:\/\/bougro.ch\/wp-content\/uploads\/2024\/07\/IMG_3953-936x1536.jpeg 936w, https:\/\/bougro.ch\/wp-content\/uploads\/2024\/07\/IMG_3953.jpeg 1170w\" sizes=\"auto, (max-width: 624px) 100vw, 624px\" \/><\/figure><div class=\"wp-block-media-text__content\">\n<h4 class=\"wp-block-heading\"><strong>Benjamin Bougro<\/strong><\/h4>\n\n\n\n<p><a rel=\"noreferrer noopener\" href=\"https:\/\/www.eliteprospects.com\/player\/382870\/benjamin-bougro\" target=\"_blank\">Biographie joueur<\/a><\/p>\n\n\n\n<p>Fran\u00e7ais \u00e0 licence suisse et passeport Suisse de 21 ans.<br>Membre de la LHC Academy durant 12 ans, Benjamin a disput\u00e9 son premier match professionnel le 9 octobre 2021 \u00e0 la Vaudoise Ar\u00e9na contre le HC Fribourg-Gott\u00e9ron. Il signe son 1er contrat professionnel en 2021 \u00e0 l\u2019\u00e2ge de 18 ans  avec son club de c\u0153ur le HC Lausanne et il vient de signer un nouveau contrat de 3 ans jusqu\u2019en 2026-2027.<br>Il a particip\u00e9 au Championnats du monde moins de 18 ans en 2021 avec l\u2019\u00e9quipe nationale suisse.<\/p>\n\n\n\n<p>Joueur de centre, travailleur avec une bonne vision du jeu,<\/p>\n\n\n\n<p><\/p>\n\n\n\n<figure class=\"wp-block-image size-large\"><img loading=\"lazy\" decoding=\"async\" width=\"558\" height=\"1024\" src=\"https:\/\/bougro.ch\/wp-content\/uploads\/2025\/02\/IMG_2951-558x1024.jpeg\" alt=\"\" class=\"wp-image-217\" srcset=\"https:\/\/bougro.ch\/wp-content\/uploads\/2025\/02\/IMG_2951-558x1024.jpeg 558w, https:\/\/bougro.ch\/wp-content\/uploads\/2025\/02\/IMG_2951-163x300.jpeg 163w, https:\/\/bougro.ch\/wp-content\/uploads\/2025\/02\/IMG_2951-768x1411.jpeg 768w, https:\/\/bougro.ch\/wp-content\/uploads\/2025\/02\/IMG_2951-836x1536.jpeg 836w, https:\/\/bougro.ch\/wp-content\/uploads\/2025\/02\/IMG_2951-1115x2048.jpeg 1115w, https:\/\/bougro.ch\/wp-content\/uploads\/2025\/02\/IMG_2951.jpeg 1170w\" sizes=\"auto, (max-width: 558px) 100vw, 558px\" \/><\/figure>\n<\/div><\/div>\n\n\n\n<div class=\"wp-block-media-text alignwide is-stacked-on-mobile\" style=\"grid-template-columns:27% auto\"><figure class=\"wp-block-media-text__media\"><img loading=\"lazy\" decoding=\"async\" width=\"522\" height=\"1024\" src=\"https:\/\/bougro.ch\/wp-content\/uploads\/2024\/07\/IMG_3954-522x1024.jpeg\" alt=\"\" class=\"wp-image-162 size-full\" srcset=\"https:\/\/bougro.ch\/wp-content\/uploads\/2024\/07\/IMG_3954-522x1024.jpeg 522w, https:\/\/bougro.ch\/wp-content\/uploads\/2024\/07\/IMG_3954-153x300.jpeg 153w, https:\/\/bougro.ch\/wp-content\/uploads\/2024\/07\/IMG_3954-768x1506.jpeg 768w, https:\/\/bougro.ch\/wp-content\/uploads\/2024\/07\/IMG_3954-783x1536.jpeg 783w, https:\/\/bougro.ch\/wp-content\/uploads\/2024\/07\/IMG_3954-1045x2048.jpeg 1045w, https:\/\/bougro.ch\/wp-content\/uploads\/2024\/07\/IMG_3954.jpeg 1170w\" sizes=\"auto, (max-width: 522px) 100vw, 522px\" \/><\/figure><div class=\"wp-block-media-text__content\">\n<h4 class=\"wp-block-heading\"><strong>Kristolan Bougro<\/strong><\/h4>\n\n\n\n<p>Fran\u00e7ais \u00e0 licence suisse et passeport Suisse de 20 ans.<br>Membre de la LHC Academy depuis plus de 14 ans, Kristolan a particip\u00e9 dans toutes les cat\u00e9gories \u00c9lite depuis tout jeune \u00ab\u00a0de U9 \u00e0 aujourd\u2019hui\u00a0\u00bb. Il est membre de l\u2019\u00e9quipe U20 \u00c9lite en tant que d\u00e9fenseur.<\/p>\n\n\n\n<p>son patinage est excellent et sa d\u00e9fensive solide !<\/p>\n\n\n\n<p>c\u2019est un d\u00e9fenseur d\u00e9fensif !<\/p>\n\n\n\n<p><a rel=\"noreferrer noopener\" href=\"https:\/\/www.eliteprospects.com\/player\/742992\/kristolan-bougro\" target=\"_blank\">Biographie joueur<\/a><\/p>\n\n\n\n<p><\/p>\n\n\n\n<p><\/p>\n\n\n\n<p><\/p>\n\n\n\n<p><\/p>\n\n\n\n<p><\/p>\n\n\n\n<p><\/p>\n\n\n\n<p><\/p>\n\n\n\n<p><\/p>\n\n\n\n<p><\/p>\n\n\n\n<figure class=\"wp-block-image size-large is-resized\"><img loading=\"lazy\" decoding=\"async\" width=\"604\" height=\"1024\" src=\"https:\/\/bougro.ch\/wp-content\/uploads\/2025\/02\/IMG_3385-604x1024.jpeg\" alt=\"\" class=\"wp-image-219\" style=\"aspect-ratio:0.5903128153380424;width:277px;height:auto\" srcset=\"https:\/\/bougro.ch\/wp-content\/uploads\/2025\/02\/IMG_3385-604x1024.jpeg 604w, https:\/\/bougro.ch\/wp-content\/uploads\/2025\/02\/IMG_3385-177x300.jpeg 177w, https:\/\/bougro.ch\/wp-content\/uploads\/2025\/02\/IMG_3385-768x1301.jpeg 768w, https:\/\/bougro.ch\/wp-content\/uploads\/2025\/02\/IMG_3385-907x1536.jpeg 907w, https:\/\/bougro.ch\/wp-content\/uploads\/2025\/02\/IMG_3385.jpeg 1170w\" sizes=\"auto, (max-width: 604px) 100vw, 604px\" \/><\/figure>\n<\/div><\/div>\n","protected":false},"excerpt":{"rendered":"","protected":false},"author":1,"featured_media":0,"parent":0,"menu_order":0,"comment_status":"closed","ping_status":"closed","template":"","meta":{"footnotes":""},"class_list":["post-21","page","type-page","status-publish","hentry"],"_links":{"self":[{"href":"https:\/\/bougro.ch\/index.php\/wp-json\/wp\/v2\/pages\/21","targetHints":{"allow":["GET"]}}],"collection":[{"href":"https:\/\/bougro.ch\/index.php\/wp-json\/wp\/v2\/pages"}],"about":[{"href":"https:\/\/bougro.ch\/index.php\/wp-json\/wp\/v2\/types\/page"}],"author":[{"embeddable":true,"href":"https:\/\/bougro.ch\/index.php\/wp-json\/wp\/v2\/users\/1"}],"replies":[{"embeddable":true,"href":"https:\/\/bougro.ch\/index.php\/wp-json\/wp\/v2\/comments?post=21"}],"version-history":[{"count":40,"href":"https:\/\/bougro.ch\/index.php\/wp-json\/wp\/v2\/pages\/21\/revisions"}],"predecessor-version":[{"id":225,"href":"https:\/\/bougro.ch\/index.php\/wp-json\/wp\/v2\/pages\/21\/revisions\/225"}],"wp:attachment":[{"href":"https:\/\/bougro.ch\/index.php\/wp-json\/wp\/v2\/media?parent=21"}],"curies":[{"name":"wp","href":"https:\/\/api.w.org\/{rel}","templated":true}]}}